{"id":20,"date":"2024-03-19T07:26:12","date_gmt":"2024-03-19T06:26:12","guid":{"rendered":"https:\/\/crealexacademie.fr\/?page_id=20"},"modified":"2024-03-19T07:26:12","modified_gmt":"2024-03-19T06:26:12","slug":"contact","status":"publish","type":"page","link":"https:\/\/crealexacademie.fr\/index.php\/contact\/","title":{"rendered":"Contact"},"content":{"rendered":"\n<p>C\u2019est une page avec des informations de contact de base, comme l\u2019adresse et le num\u00e9ro de t\u00e9l\u00e9phone. Vous pouvez aussi essayer une extension pour ajouter un formulaire de contact.<\/p>\n","protected":false},"excerpt":{"rendered":"<p>C\u2019est une page avec des informations de contact de base, comme l\u2019adresse et le num\u00e9ro de t\u00e9l\u00e9phone. Vous pouvez aussi essayer une extension pour ajouter un formulaire de contact.<\/p>\n","protected":false},"author":1,"featured_media":0,"parent":0,"menu_order":0,"comment_status":"closed","ping_status":"closed","template":"","meta":{"footnotes":""},"class_list":["post-20","page","type-page","status-publish","hentry"],"_links":{"self":[{"href":"https:\/\/crealexacademie.fr\/index.php\/wp-json\/wp\/v2\/pages\/20","targetHints":{"allow":["GET"]}}],"collection":[{"href":"https:\/\/crealexacademie.fr\/index.php\/wp-json\/wp\/v2\/pages"}],"about":[{"href":"https:\/\/crealexacademie.fr\/index.php\/wp-json\/wp\/v2\/types\/page"}],"author":[{"embeddable":true,"href":"https:\/\/crealexacademie.fr\/index.php\/wp-json\/wp\/v2\/users\/1"}],"replies":[{"embeddable":true,"href":"https:\/\/crealexacademie.fr\/index.php\/wp-json\/wp\/v2\/comments?post=20"}],"version-history":[{"count":1,"href":"https:\/\/crealexacademie.fr\/index.php\/wp-json\/wp\/v2\/pages\/20\/revisions"}],"predecessor-version":[{"id":30,"href":"https:\/\/crealexacademie.fr\/index.php\/wp-json\/wp\/v2\/pages\/20\/revisions\/30"}],"wp:attachment":[{"href":"https:\/\/crealexacademie.fr\/index.php\/wp-json\/wp\/v2\/media?parent=20"}],"curies":[{"name":"wp","href":"https:\/\/api.w.org\/{rel}","templated":true}]}}